{"id":35,"date":"2025-07-15T10:45:06","date_gmt":"2025-07-15T10:45:06","guid":{"rendered":"http:\/\/enavahr.com\/?page_id=35"},"modified":"2025-07-15T10:45:06","modified_gmt":"2025-07-15T10:45:06","slug":"offres-demploi-2","status":"publish","type":"page","link":"https:\/\/enavahr.com\/?page_id=35","title":{"rendered":"Offres d\u2019emploi"},"content":{"rendered":"<div class=\"job_listings\" data-location=\"\" data-keywords=\"\" data-show_filters=\"true\" data-show_pagination=\"false\" data-per_page=\"10\" data-orderby=\"featured\" data-order=\"DESC\" data-categories=\"\" data-disable-form-state-storage=\"\" data-featured_first=\"false\" data-post_id=\"35\" >\n<form class=\"job_filters\">\n\t\n\t<div class=\"search_jobs\">\n\t\t\n\t\t<div class=\"search_keywords\">\n\t\t\t<label for=\"search_keywords\">Mots-cl\u00e9s<\/label>\n\t\t\t<input type=\"text\" name=\"search_keywords\" id=\"search_keywords\" placeholder=\"Mots-cl\u00e9s\" value=\"\" \/>\n\t\t<\/div>\n\n\t\t<div class=\"search_location\">\n\t\t\t<label for=\"search_location\">Localisation<\/label>\n\t\t\t<input type=\"text\" name=\"search_location\" id=\"search_location\" placeholder=\"Localisation\" value=\"\" \/>\n\t\t<\/div>\n\n\t\t\t\t\t<div class=\"search_remote_position\">\n\t\t\t\t<input type=\"checkbox\" class=\"input-checkbox\" name=\"remote_position\" id=\"remote_position\" placeholder=\"Localisation\" value=\"1\"  \/>\n\t\t\t\t<label for=\"remote_position\" id=\"remote_position_label\">Postes en t\u00e9l\u00e9travail uniquement<\/label>\n\t\t\t<\/div>\n\t\t\n\t\t<div style=\"clear: both\"><\/div>\n\n\t\t\n\t\t\t\t\t<div class=\"search_submit\">\n\t\t\t\t<input type=\"submit\" value=\"Rechercher des offres d\u2019emploi\">\n\t\t\t<\/div>\n\t\t\n\t\t\t<\/div>\n\n\t\t<ul class=\"job_types\">\n\t\t\t\t\t<li><label for=\"job_type_freelance\" class=\"freelance\"><input type=\"checkbox\" name=\"filter_job_type[]\" value=\"freelance\"  checked='checked' id=\"job_type_freelance\" \/> Freelance<\/label><\/li>\n\t\t\t\t\t<li><label for=\"job_type_stage\" class=\"stage\"><input type=\"checkbox\" name=\"filter_job_type[]\" value=\"stage\"  checked='checked' id=\"job_type_stage\" \/> Stage<\/label><\/li>\n\t\t\t\t\t<li><label for=\"job_type_temporaire\" class=\"temporaire\"><input type=\"checkbox\" name=\"filter_job_type[]\" value=\"temporaire\"  checked='checked' id=\"job_type_temporaire\" \/> Temporaire<\/label><\/li>\n\t\t\t\t\t<li><label for=\"job_type_temps-complet\" class=\"temps-complet\"><input type=\"checkbox\" name=\"filter_job_type[]\" value=\"temps-complet\"  checked='checked' id=\"job_type_temps-complet\" \/> Temps complet<\/label><\/li>\n\t\t\t\t\t<li><label for=\"job_type_temps-partiel\" class=\"temps-partiel\"><input type=\"checkbox\" name=\"filter_job_type[]\" value=\"temps-partiel\"  checked='checked' id=\"job_type_temps-partiel\" \/> Temps partiel<\/label><\/li>\n\t\t\t<\/ul>\n\t<input type=\"hidden\" name=\"filter_job_type[]\" value=\"\" \/>\n<div class=\"showing_jobs\"><\/div><\/form>\n\n\n<noscript>Votre navigateur ne supporte pas JavaScript, ou bien JavaScript est d\u00e9sactiv\u00e9. JavaScript doit \u00eatre activ\u00e9 pour pouvoir visualiser des postes.<\/noscript>\n<div class=\"job_listings\">\r\n<\/div>\r\n<a class=\"load_more_jobs\" href=\"#\" style=\"display:none;\"><strong>Afficher plus d\u2019offres<\/strong><\/a><\/div>\n","protected":false},"excerpt":{"rendered":"","protected":false},"author":1,"featured_media":0,"parent":0,"menu_order":0,"comment_status":"closed","ping_status":"closed","template":"","meta":{"footnotes":""},"class_list":["post-35","page","type-page","status-publish","hentry"],"yoast_head":"<!-- This site is optimized with the Yoast SEO plugin v27.3 - https:\/\/yoast.com\/product\/yoast-seo-wordpress\/ -->\n<title>Offres d\u2019emploi - ENAVA HR<\/title>\n<meta name=\"robots\" content=\"index, follow, max-snippet:-1, max-image-preview:large, max-video-preview:-1\" \/>\n<link rel=\"canonical\" href=\"https:\/\/enavahr.com\/?page_id=35\" \/>\n<meta property=\"og:locale\" content=\"fr_FR\" \/>\n<meta property=\"og:type\" content=\"article\" \/>\n<meta property=\"og:title\" content=\"Offres d\u2019emploi - ENAVA HR\" \/>\n<meta property=\"og:url\" content=\"https:\/\/enavahr.com\/?page_id=35\" \/>\n<meta property=\"og:site_name\" content=\"ENAVA HR\" \/>\n<meta name=\"twitter:card\" content=\"summary_large_image\" \/>\n<script type=\"application\/ld+json\" class=\"yoast-schema-graph\">{\"@context\":\"https:\\\/\\\/schema.org\",\"@graph\":[{\"@type\":\"WebPage\",\"@id\":\"https:\\\/\\\/enavahr.com\\\/?page_id=35\",\"url\":\"https:\\\/\\\/enavahr.com\\\/?page_id=35\",\"name\":\"Offres d\u2019emploi - ENAVA HR\",\"isPartOf\":{\"@id\":\"https:\\\/\\\/enavahr.com\\\/#website\"},\"datePublished\":\"2025-07-15T10:45:06+00:00\",\"breadcrumb\":{\"@id\":\"https:\\\/\\\/enavahr.com\\\/?page_id=35#breadcrumb\"},\"inLanguage\":\"fr-FR\",\"potentialAction\":[{\"@type\":\"ReadAction\",\"target\":[\"https:\\\/\\\/enavahr.com\\\/?page_id=35\"]}]},{\"@type\":\"BreadcrumbList\",\"@id\":\"https:\\\/\\\/enavahr.com\\\/?page_id=35#breadcrumb\",\"itemListElement\":[{\"@type\":\"ListItem\",\"position\":1,\"name\":\"Accueil\",\"item\":\"https:\\\/\\\/enavahr.com\\\/\"},{\"@type\":\"ListItem\",\"position\":2,\"name\":\"Offres d\u2019emploi\"}]},{\"@type\":\"WebSite\",\"@id\":\"https:\\\/\\\/enavahr.com\\\/#website\",\"url\":\"https:\\\/\\\/enavahr.com\\\/\",\"name\":\"ENAVA HR\",\"description\":\"L\u2019expertise humaine. Sans fronti\u00e8res.\",\"publisher\":{\"@id\":\"https:\\\/\\\/enavahr.com\\\/#organization\"},\"potentialAction\":[{\"@type\":\"SearchAction\",\"target\":{\"@type\":\"EntryPoint\",\"urlTemplate\":\"https:\\\/\\\/enavahr.com\\\/?s={search_term_string}\"},\"query-input\":{\"@type\":\"PropertyValueSpecification\",\"valueRequired\":true,\"valueName\":\"search_term_string\"}}],\"inLanguage\":\"fr-FR\"},{\"@type\":\"Organization\",\"@id\":\"https:\\\/\\\/enavahr.com\\\/#organization\",\"name\":\"ENAVA HR\",\"url\":\"https:\\\/\\\/enavahr.com\\\/\",\"logo\":{\"@type\":\"ImageObject\",\"inLanguage\":\"fr-FR\",\"@id\":\"https:\\\/\\\/enavahr.com\\\/#\\\/schema\\\/logo\\\/image\\\/\",\"url\":\"https:\\\/\\\/enavahr.com\\\/wp-content\\\/uploads\\\/2025\\\/07\\\/cropped-Enava.png\",\"contentUrl\":\"https:\\\/\\\/enavahr.com\\\/wp-content\\\/uploads\\\/2025\\\/07\\\/cropped-Enava.png\",\"width\":500,\"height\":500,\"caption\":\"ENAVA HR\"},\"image\":{\"@id\":\"https:\\\/\\\/enavahr.com\\\/#\\\/schema\\\/logo\\\/image\\\/\"}}]}<\/script>\n<!-- \/ Yoast SEO plugin. -->","yoast_head_json":{"title":"Offres d\u2019emploi - ENAVA HR","robots":{"index":"index","follow":"follow","max-snippet":"max-snippet:-1","max-image-preview":"max-image-preview:large","max-video-preview":"max-video-preview:-1"},"canonical":"https:\/\/enavahr.com\/?page_id=35","og_locale":"fr_FR","og_type":"article","og_title":"Offres d\u2019emploi - ENAVA HR","og_url":"https:\/\/enavahr.com\/?page_id=35","og_site_name":"ENAVA HR","twitter_card":"summary_large_image","schema":{"@context":"https:\/\/schema.org","@graph":[{"@type":"WebPage","@id":"https:\/\/enavahr.com\/?page_id=35","url":"https:\/\/enavahr.com\/?page_id=35","name":"Offres d\u2019emploi - ENAVA HR","isPartOf":{"@id":"https:\/\/enavahr.com\/#website"},"datePublished":"2025-07-15T10:45:06+00:00","breadcrumb":{"@id":"https:\/\/enavahr.com\/?page_id=35#breadcrumb"},"inLanguage":"fr-FR","potentialAction":[{"@type":"ReadAction","target":["https:\/\/enavahr.com\/?page_id=35"]}]},{"@type":"BreadcrumbList","@id":"https:\/\/enavahr.com\/?page_id=35#breadcrumb","itemListElement":[{"@type":"ListItem","position":1,"name":"Accueil","item":"https:\/\/enavahr.com\/"},{"@type":"ListItem","position":2,"name":"Offres d\u2019emploi"}]},{"@type":"WebSite","@id":"https:\/\/enavahr.com\/#website","url":"https:\/\/enavahr.com\/","name":"ENAVA HR","description":"L\u2019expertise humaine. Sans fronti\u00e8res.","publisher":{"@id":"https:\/\/enavahr.com\/#organization"},"potentialAction":[{"@type":"SearchAction","target":{"@type":"EntryPoint","urlTemplate":"https:\/\/enavahr.com\/?s={search_term_string}"},"query-input":{"@type":"PropertyValueSpecification","valueRequired":true,"valueName":"search_term_string"}}],"inLanguage":"fr-FR"},{"@type":"Organization","@id":"https:\/\/enavahr.com\/#organization","name":"ENAVA HR","url":"https:\/\/enavahr.com\/","logo":{"@type":"ImageObject","inLanguage":"fr-FR","@id":"https:\/\/enavahr.com\/#\/schema\/logo\/image\/","url":"https:\/\/enavahr.com\/wp-content\/uploads\/2025\/07\/cropped-Enava.png","contentUrl":"https:\/\/enavahr.com\/wp-content\/uploads\/2025\/07\/cropped-Enava.png","width":500,"height":500,"caption":"ENAVA HR"},"image":{"@id":"https:\/\/enavahr.com\/#\/schema\/logo\/image\/"}}]}},"_links":{"self":[{"href":"https:\/\/enavahr.com\/index.php?rest_route=\/wp\/v2\/pages\/35","targetHints":{"allow":["GET"]}}],"collection":[{"href":"https:\/\/enavahr.com\/index.php?rest_route=\/wp\/v2\/pages"}],"about":[{"href":"https:\/\/enavahr.com\/index.php?rest_route=\/wp\/v2\/types\/page"}],"author":[{"embeddable":true,"href":"https:\/\/enavahr.com\/index.php?rest_route=\/wp\/v2\/users\/1"}],"replies":[{"embeddable":true,"href":"https:\/\/enavahr.com\/index.php?rest_route=%2Fwp%2Fv2%2Fcomments&post=35"}],"version-history":[{"count":1,"href":"https:\/\/enavahr.com\/index.php?rest_route=\/wp\/v2\/pages\/35\/revisions"}],"predecessor-version":[{"id":78,"href":"https:\/\/enavahr.com\/index.php?rest_route=\/wp\/v2\/pages\/35\/revisions\/78"}],"wp:attachment":[{"href":"https:\/\/enavahr.com\/index.php?rest_route=%2Fwp%2Fv2%2Fmedia&parent=35"}],"curies":[{"name":"wp","href":"https:\/\/api.w.org\/{rel}","templated":true}]}}